{"id":7,"date":"2024-09-02T16:48:59","date_gmt":"2024-09-02T14:48:59","guid":{"rendered":"http:\/\/lab20.fr\/?page_id=7"},"modified":"2025-07-28T12:14:37","modified_gmt":"2025-07-28T10:14:37","slug":"accueil","status":"publish","type":"page","link":"https:\/\/lab20.fr\/","title":{"rendered":"LAB20 &#8211; bureaux partag\u00e9s"},"content":{"rendered":"\n<h1 class=\"wp-block-heading alignwide has-text-align-center is-style-default has-accent-3-color has-base-background-color has-text-color has-background has-link-color has-large-font-size wp-elements-9c3fe5d41c2f8c4707183ed5f8cd8653\">jusqu&rsquo;\u00e0 <strong>5 postes disponibles au 1er septembre 2025.<\/strong><\/h1>\n\n\n\n<figure class=\"wp-block-image alignwide size-full is-style-rounded is-style-rounded--1\"><img loading=\"lazy\" decoding=\"async\" width=\"2000\" height=\"1200\" src=\"https:\/\/lab20.fr\/wp-content\/uploads\/2018\/10\/cropped-P1030112.jpg\" alt=\"\" class=\"wp-image-47\" srcset=\"https:\/\/lab20.fr\/wp-content\/uploads\/2018\/10\/cropped-P1030112.jpg 2000w, https:\/\/lab20.fr\/wp-content\/uploads\/2018\/10\/cropped-P1030112-300x180.jpg 300w, https:\/\/lab20.fr\/wp-content\/uploads\/2018\/10\/cropped-P1030112-768x461.jpg 768w, https:\/\/lab20.fr\/wp-content\/uploads\/2018\/10\/cropped-P1030112-1024x614.jpg 1024w\" sizes=\"auto, (max-width: 2000px) 100vw, 2000px\" \/><\/figure>\n\n\n\n<div class=\"wp-block-group alignfull has-base-2-background-color has-background has-global-padding is-layout-constrained wp-container-core-group-is-layout-669513ed wp-block-group-is-layout-constrained\" style=\"margin-top:0;margin-bottom:0;padding-top:var(--wp--preset--spacing--50);padding-right:var(--wp--preset--spacing--50);padding-bottom:var(--wp--preset--spacing--50);padding-left:var(--wp--preset--spacing--50)\">\n<div class=\"wp-block-columns alignwide is-layout-flex wp-container-core-columns-is-layout-d0bbbce0 wp-block-columns-is-layout-flex\">\n<div class=\"wp-block-column is-layout-flow wp-container-core-column-is-layout-e3d1c41b wp-block-column-is-layout-flow\">\n<h3 class=\"wp-block-heading has-text-align-left is-style-asterisk has-body-font-family has-medium-font-size\" style=\"font-style:normal;font-weight:600\">Un quartier o\u00f9 l\u2019art et la vie s\u2019entrem\u00ealent<\/h3>\n\n\n\n<p class=\"has-text-align-left\"><a href=\"https:\/\/lab20.fr\/index.php\/contact-et-localisation\/\" data-type=\"page\" data-id=\"193\">D\u00e9couvrez l\u2019ambiance cr\u00e9ative et vibrante des pentes de la Croix-Rousse.<\/a><\/p>\n<\/div>\n\n\n\n<div class=\"wp-block-column is-layout-flow wp-container-core-column-is-layout-e3d1c41b wp-block-column-is-layout-flow\">\n<h3 class=\"wp-block-heading has-text-align-left is-style-asterisk has-body-font-family has-medium-font-size\" style=\"font-style:normal;font-weight:600\">Un espace \u00e9co-responsable et inspirant<\/h3>\n\n\n\n<p class=\"has-text-align-left\"><a href=\"https:\/\/lab20.fr\/index.php\/espace-lab20\/\" data-type=\"page\" data-id=\"220\">Con\u00e7u pour la concentration et la collaboration, au c\u0153ur de la Croix-Rousse.<\/a><\/p>\n<\/div>\n\n\n\n<div class=\"wp-block-column is-layout-flow wp-container-core-column-is-layout-e3d1c41b wp-block-column-is-layout-flow\">\n<h3 class=\"wp-block-heading has-text-align-left is-style-asterisk has-body-font-family has-medium-font-size\" style=\"font-style:normal;font-weight:600\"><strong>Simplicit\u00e9 et flexibilit\u00e9 \u00e0 un tarif unique<\/strong><\/h3>\n\n\n\n<p class=\"has-text-align-left\"><a href=\"https:\/\/lab20.fr\/index.php\/services-et-tarifs\/\" data-type=\"page\" data-id=\"223\">Tout ce dont vous avez besoin pour travailler sereinement, sans surprise.<\/a><\/p>\n<\/div>\n<\/div>\n\n\n\n<div style=\"height:var(--wp--preset--spacing--20)\" aria-hidden=\"true\" class=\"wp-block-spacer\"><\/div>\n\n\n\n<div class=\"wp-block-columns alignwide is-layout-flex wp-container-core-columns-is-layout-d0bbbce0 wp-block-columns-is-layout-flex\">\n<div class=\"wp-block-column is-layout-flow wp-container-core-column-is-layout-e3d1c41b wp-block-column-is-layout-flow\">\n<h3 class=\"wp-block-heading has-text-align-left is-style-asterisk has-body-font-family has-medium-font-size\" style=\"font-style:normal;font-weight:600\">Un emplacement id\u00e9al \u00e0 Lyon<\/h3>\n\n\n\n<p class=\"has-text-align-left\"><a href=\"https:\/\/lab20.fr\/index.php\/contact-et-localisation\/\" data-type=\"page\" data-id=\"193\">Proche des Terreaux, un acc\u00e8s rapide \u00e0 tout ce qui compte.<\/a>&nbsp;<\/p>\n<\/div>\n\n\n\n<div class=\"wp-block-column is-layout-flow wp-container-core-column-is-layout-e3d1c41b wp-block-column-is-layout-flow\">\n<h3 class=\"wp-block-heading has-text-align-left is-style-asterisk has-body-font-family has-medium-font-size\" style=\"font-style:normal;font-weight:600\"><strong>Des \u00e9quipements modernes<\/strong> et fonctionnels<\/h3>\n\n\n\n<p class=\"has-text-align-left\"><a href=\"https:\/\/lab20.fr\/index.php\/espace-lab20\/\" data-type=\"page\" data-id=\"220\">Un bureau pens\u00e9 pour votre confort et productivit\u00e9.<\/a><\/p>\n<\/div>\n\n\n\n<div class=\"wp-block-column is-layout-flow wp-container-core-column-is-layout-e3d1c41b wp-block-column-is-layout-flow\">\n<h3 class=\"wp-block-heading has-text-align-left is-style-asterisk has-body-font-family has-medium-font-size\" style=\"font-style:normal;font-weight:600\">Un lieu charg\u00e9 d\u2019histoire et de caract\u00e8re<\/h3>\n\n\n\n<p class=\"has-text-align-left\"><a href=\"https:\/\/lab20.fr\/index.php\/histoire-des-lieux\/\" data-type=\"page\" data-id=\"213\">De l\u2019ancien couvent \u00e0 l\u2019espace de bureaux partag\u00e9s.<\/a><\/p>\n<\/div>\n<\/div>\n<\/div>\n\n\n\n<p><\/p>\n","protected":false},"excerpt":{"rendered":"<p>jusqu&rsquo;\u00e0 5 postes disponibles au 1er septembre 2025. Un quartier o\u00f9 l\u2019art et la vie s\u2019entrem\u00ealent D\u00e9couvrez l\u2019ambiance cr\u00e9ative et vibrante des pentes de la Croix-Rousse. Un espace \u00e9co-responsable et inspirant Con\u00e7u pour la concentration et la collaboration, au c\u0153ur de la Croix-Rousse. Simplicit\u00e9 et flexibilit\u00e9 \u00e0 un tarif unique Tout ce dont vous avez [&hellip;]<\/p>\n","protected":false},"author":1,"featured_media":40,"parent":0,"menu_order":0,"comment_status":"closed","ping_status":"closed","template":"","meta":{"footnotes":""},"class_list":["post-7","page","type-page","status-publish","has-post-thumbnail","hentry"],"_links":{"self":[{"href":"https:\/\/lab20.fr\/index.php\/wp-json\/wp\/v2\/pages\/7","targetHints":{"allow":["GET"]}}],"collection":[{"href":"https:\/\/lab20.fr\/index.php\/wp-json\/wp\/v2\/pages"}],"about":[{"href":"https:\/\/lab20.fr\/index.php\/wp-json\/wp\/v2\/types\/page"}],"author":[{"embeddable":true,"href":"https:\/\/lab20.fr\/index.php\/wp-json\/wp\/v2\/users\/1"}],"replies":[{"embeddable":true,"href":"https:\/\/lab20.fr\/index.php\/wp-json\/wp\/v2\/comments?post=7"}],"version-history":[{"count":31,"href":"https:\/\/lab20.fr\/index.php\/wp-json\/wp\/v2\/pages\/7\/revisions"}],"predecessor-version":[{"id":276,"href":"https:\/\/lab20.fr\/index.php\/wp-json\/wp\/v2\/pages\/7\/revisions\/276"}],"wp:featuredmedia":[{"embeddable":true,"href":"https:\/\/lab20.fr\/index.php\/wp-json\/wp\/v2\/media\/40"}],"wp:attachment":[{"href":"https:\/\/lab20.fr\/index.php\/wp-json\/wp\/v2\/media?parent=7"}],"curies":[{"name":"wp","href":"https:\/\/api.w.org\/{rel}","templated":true}]}}